{"id":1657,"date":"2014-11-11T11:14:05","date_gmt":"2014-11-11T10:14:05","guid":{"rendered":"https:\/\/ak-sinj.hr\/o-nama\/"},"modified":"2021-05-07T08:34:39","modified_gmt":"2021-05-07T07:34:39","slug":"about-us","status":"publish","type":"page","link":"https:\/\/ak-sinj.hr\/en\/about-us\/","title":{"rendered":"About Us"},"content":{"rendered":"<p>[vc_row][vc_column width=&#8221;1\/2&#8243; css=&#8221;.vc_custom_1519820466614{margin-top: -10px !important;}&#8221;][vc_column_text el_class=&#8221;content-intro&#8221;]Sinj Bus Station is in the very center of Sinj, on Miljenka Buljana 2.<\/p>\n<p>Such location enables fast and easy communication and transfer of passengers. The station with its employees daily strives to provide the highest quality service and comfortable accommodation within its capacity.<\/p>\n<p>Much is invested in business informatization, modernization and further development of the offered content, all so that our service users can be satisfied with the speed and quality of the service. In order to better inform you, we have also created a new version of our Web site that is in front of you.<\/p>\n<p>Welcome and travel (and surf) with us![\/vc_column_text][vc_empty_space height=&#8221;15px&#8221;][\/vc_column][vc_column width=&#8221;1\/2&#8243;][vc_single_image image=&#8221;1951&#8243; img_size=&#8221;full&#8221; alignment=&#8221;center&#8221;][\/vc_column][\/vc_row][vc_row css=&#8221;.vc_custom_1519821225796{padding-top: 10px !important;padding-bottom: 30px !important;}&#8221; has_content=&#8221;true&#8221;][vc_column]<h1 class='heading-left useful-link-title style-1' ><span>GENERAL AND CONTACT INFORMATION<\/span><\/h1>[vc_empty_space height=&#8221;20px&#8221;][vc_column_text]<\/p>\n<div class=\"table-responsive\">\n<p>[\/vc_column_text][\/vc_column][\/vc_row][vc_row][vc_column][vc_column_text]<\/p>\n<table class=\"table\">\n<tbody>\n<tr>\n<td class=\"td_informacije-left\">Full Name of Company:<\/td>\n<td class=\"td_informacije\">Autobusni kolodvor Split dru\u0161tvo s ograni\u010denom odgovorno\u0161\u0107u za usluge u cestovnom prometu i putni\u010dka agencija<\/td>\n<\/tr>\n<tr class=\"informacije\">\n<td class=\"td_informacije-left\">Short name of the Company:<\/td>\n<td class=\"td_informacije\">Autobusni kolodvor Split d.o.o.<\/td>\n<\/tr>\n<tr>\n<td class=\"td_informacije-left\">Business address, headquarters and management board\u2019s address:<\/td>\n<td class=\"td_informacije\">Obala Kneza Domagoja no.12<br \/>\n21000 Split, CROATIA<\/td>\n<\/tr>\n<tr class=\"informacije\">\n<td class=\"td_informacije-left\"><span class=\"td_informacije\">Phone (Central office):<\/span><\/td>\n<td class=\"td_informacije\"><span class=\"td_informacije\">+385 (0)21 329-180<\/span><\/td>\n<\/tr>\n<tr>\n<td class=\"td_informacije-left\">Fax:<\/td>\n<td class=\"td_informacije\">+385 (0)21 329-182<\/td>\n<\/tr>\n<tr class=\"informacije\">\n<td class=\"td_informacije-left\">Info phone (domestic transport):<\/p>\n<p>operator:<\/p>\n<p>call price:<\/td>\n<td class=\"td_informacije\">+385 (0)60 327-777<\/p>\n<p>T-Hrvatski Telekom<\/p>\n<p>1,74 kn\/min (fixed network)<\/p>\n<p>2,96 kn\/min (mobile network)<\/td>\n<\/tr>\n<tr>\n<td class=\"td_informacije-left\">Info phone (international<br \/>\ntransport):<\/td>\n<td class=\"td_informacije\">+385 (0)21 329-199<\/td>\n<\/tr>\n<tr class=\"informacije\">\n<td class=\"td_informacije-left\">E-po\u0161ta (informacije):<\/td>\n<td class=\"td_informacije\">info@ak-split.hr<\/td>\n<\/tr>\n<tr>\n<td class=\"td_informacije-left\">Transaction account:<\/td>\n<td class=\"td_informacije\">2340009-1100222572 (Privredna banka Zagreb d.d., Zagreb)<\/td>\n<\/tr>\n<tr class=\"informacije\">\n<td class=\"td_informacije-left\">OIB:<\/td>\n<td class=\"td_informacije\">04413178343<\/td>\n<\/tr>\n<tr>\n<td class=\"td_informacije-left\">MBR:<\/td>\n<td class=\"td_informacije\">3131530<\/td>\n<\/tr>\n<tr class=\"informacije\">\n<td class=\"td_informacije-left\">Court where the company is registered:<\/td>\n<td class=\"td_informacije\">Trgova\u010dki Sud u Splitu<\/td>\n<\/tr>\n<tr>\n<td class=\"td_informacije-left\">MBS:<\/td>\n<td class=\"td_informacije\">060170601<\/td>\n<\/tr>\n<tr class=\"informacije\">\n<td class=\"td_informacije-left\">Core capital:<\/td>\n<td class=\"td_informacije\">3.650.400,00 kn<\/td>\n<\/tr>\n<tr>\n<td class=\"td_informacije-left\">Management Board:<\/td>\n<td class=\"td_informacije\">Mate Jujnovi\u0107, director<\/td>\n<\/tr>\n<\/tbody>\n<\/table>\n<p>[\/vc_column_text][\/vc_column][\/vc_row][vc_row][vc_column][vc_column_text]<\/p>\n<\/div>\n<p>[\/vc_column_text][\/vc_column][\/vc_row]<\/p>\n","protected":false},"excerpt":{"rendered":"<p>[vc_row][vc_column width=&#8221;1\/2&#8243; css=&#8221;.vc_custom_1519820466614{margin-top: -10px !important;}&#8221;][vc_column_text el_class=&#8221;content-intro&#8221;]Sinj Bus Station is in the very center of Sinj, on Miljenka Buljana 2. Such location enables fast and easy communication and transfer of passengers. The station with its employees daily strives to provide the&#8230;<\/p>\n","protected":false},"author":1,"featured_media":0,"parent":0,"menu_order":0,"comment_status":"closed","ping_status":"closed","template":"","meta":[],"yoast_head":"<!-- This site is optimized with the Yoast SEO plugin v20.0 - https:\/\/yoast.com\/wordpress\/plugins\/seo\/ -->\n<title>About Us - AK SINJ Online<\/title>\n<meta name=\"robots\" content=\"index, follow, max-snippet:-1, max-image-preview:large, max-video-preview:-1\" \/>\n<link rel=\"canonical\" href=\"https:\/\/ak-sinj.hr\/en\/about-us\/\" \/>\n<meta property=\"og:locale\" content=\"en_US\" \/>\n<meta property=\"og:type\" content=\"article\" \/>\n<meta property=\"og:title\" content=\"About Us - AK SINJ Online\" \/>\n<meta property=\"og:description\" content=\"[vc_row][vc_column width=&#8221;1\/2&#8243; css=&#8221;.vc_custom_1519820466614{margin-top: -10px !important;}&#8221;][vc_column_text el_class=&#8221;content-intro&#8221;]Sinj Bus Station is in the very center of Sinj, on Miljenka Buljana 2. Such location enables fast and easy communication and transfer of passengers. The station with its employees daily strives to provide the...\" \/>\n<meta property=\"og:url\" content=\"https:\/\/ak-sinj.hr\/en\/about-us\/\" \/>\n<meta property=\"og:site_name\" content=\"AK SINJ Online\" \/>\n<meta property=\"article:modified_time\" content=\"2021-05-07T07:34:39+00:00\" \/>\n<meta name=\"twitter:card\" content=\"summary_large_image\" \/>\n<meta name=\"twitter:label1\" content=\"Est. reading time\" \/>\n\t<meta name=\"twitter:data1\" content=\"2 minutes\" \/>\n<script type=\"application\/ld+json\" class=\"yoast-schema-graph\">{\"@context\":\"https:\/\/schema.org\",\"@graph\":[{\"@type\":\"WebPage\",\"@id\":\"https:\/\/ak-sinj.hr\/en\/about-us\/\",\"url\":\"https:\/\/ak-sinj.hr\/en\/about-us\/\",\"name\":\"About Us - AK SINJ Online\",\"isPartOf\":{\"@id\":\"https:\/\/ak-sinj.hr\/#website\"},\"datePublished\":\"2014-11-11T10:14:05+00:00\",\"dateModified\":\"2021-05-07T07:34:39+00:00\",\"breadcrumb\":{\"@id\":\"https:\/\/ak-sinj.hr\/en\/about-us\/#breadcrumb\"},\"inLanguage\":\"en-US\",\"potentialAction\":[{\"@type\":\"ReadAction\",\"target\":[\"https:\/\/ak-sinj.hr\/en\/about-us\/\"]}]},{\"@type\":\"BreadcrumbList\",\"@id\":\"https:\/\/ak-sinj.hr\/en\/about-us\/#breadcrumb\",\"itemListElement\":[{\"@type\":\"ListItem\",\"position\":1,\"name\":\"Po\u010detna stranica\",\"item\":\"https:\/\/ak-sinj.hr\/en\/naslovna\/\"},{\"@type\":\"ListItem\",\"position\":2,\"name\":\"About Us\"}]},{\"@type\":\"WebSite\",\"@id\":\"https:\/\/ak-sinj.hr\/#website\",\"url\":\"https:\/\/ak-sinj.hr\/\",\"name\":\"AK SINJ Online\",\"description\":\"Slu\u017ebene web stranice autobusnog kolodvora u Sinju\",\"potentialAction\":[{\"@type\":\"SearchAction\",\"target\":{\"@type\":\"EntryPoint\",\"urlTemplate\":\"https:\/\/ak-sinj.hr\/?s={search_term_string}\"},\"query-input\":\"required name=search_term_string\"}],\"inLanguage\":\"en-US\"}]}<\/script>\n<!-- \/ Yoast SEO plugin. -->","yoast_head_json":{"title":"About Us - AK SINJ Online","robots":{"index":"index","follow":"follow","max-snippet":"max-snippet:-1","max-image-preview":"max-image-preview:large","max-video-preview":"max-video-preview:-1"},"canonical":"https:\/\/ak-sinj.hr\/en\/about-us\/","og_locale":"en_US","og_type":"article","og_title":"About Us - AK SINJ Online","og_description":"[vc_row][vc_column width=&#8221;1\/2&#8243; css=&#8221;.vc_custom_1519820466614{margin-top: -10px !important;}&#8221;][vc_column_text el_class=&#8221;content-intro&#8221;]Sinj Bus Station is in the very center of Sinj, on Miljenka Buljana 2. Such location enables fast and easy communication and transfer of passengers. The station with its employees daily strives to provide the...","og_url":"https:\/\/ak-sinj.hr\/en\/about-us\/","og_site_name":"AK SINJ Online","article_modified_time":"2021-05-07T07:34:39+00:00","twitter_card":"summary_large_image","twitter_misc":{"Est. reading time":"2 minutes"},"schema":{"@context":"https:\/\/schema.org","@graph":[{"@type":"WebPage","@id":"https:\/\/ak-sinj.hr\/en\/about-us\/","url":"https:\/\/ak-sinj.hr\/en\/about-us\/","name":"About Us - AK SINJ Online","isPartOf":{"@id":"https:\/\/ak-sinj.hr\/#website"},"datePublished":"2014-11-11T10:14:05+00:00","dateModified":"2021-05-07T07:34:39+00:00","breadcrumb":{"@id":"https:\/\/ak-sinj.hr\/en\/about-us\/#breadcrumb"},"inLanguage":"en-US","potentialAction":[{"@type":"ReadAction","target":["https:\/\/ak-sinj.hr\/en\/about-us\/"]}]},{"@type":"BreadcrumbList","@id":"https:\/\/ak-sinj.hr\/en\/about-us\/#breadcrumb","itemListElement":[{"@type":"ListItem","position":1,"name":"Po\u010detna stranica","item":"https:\/\/ak-sinj.hr\/en\/naslovna\/"},{"@type":"ListItem","position":2,"name":"About Us"}]},{"@type":"WebSite","@id":"https:\/\/ak-sinj.hr\/#website","url":"https:\/\/ak-sinj.hr\/","name":"AK SINJ Online","description":"Slu\u017ebene web stranice autobusnog kolodvora u Sinju","potentialAction":[{"@type":"SearchAction","target":{"@type":"EntryPoint","urlTemplate":"https:\/\/ak-sinj.hr\/?s={search_term_string}"},"query-input":"required name=search_term_string"}],"inLanguage":"en-US"}]}},"_links":{"self":[{"href":"https:\/\/ak-sinj.hr\/en\/wp-json\/wp\/v2\/pages\/1657"}],"collection":[{"href":"https:\/\/ak-sinj.hr\/en\/wp-json\/wp\/v2\/pages"}],"about":[{"href":"https:\/\/ak-sinj.hr\/en\/wp-json\/wp\/v2\/types\/page"}],"author":[{"embeddable":true,"href":"https:\/\/ak-sinj.hr\/en\/wp-json\/wp\/v2\/users\/1"}],"replies":[{"embeddable":true,"href":"https:\/\/ak-sinj.hr\/en\/wp-json\/wp\/v2\/comments?post=1657"}],"version-history":[{"count":8,"href":"https:\/\/ak-sinj.hr\/en\/wp-json\/wp\/v2\/pages\/1657\/revisions"}],"predecessor-version":[{"id":2024,"href":"https:\/\/ak-sinj.hr\/en\/wp-json\/wp\/v2\/pages\/1657\/revisions\/2024"}],"wp:attachment":[{"href":"https:\/\/ak-sinj.hr\/en\/wp-json\/wp\/v2\/media?parent=1657"}],"curies":[{"name":"wp","href":"https:\/\/api.w.org\/{rel}","templated":true}]}}