{"id":1635,"date":"2014-12-10T07:18:38","date_gmt":"2014-12-10T06:18:38","guid":{"rendered":"https:\/\/ak-sinj.hr\/dolasci-u-split\/"},"modified":"2021-04-15T16:19:48","modified_gmt":"2021-04-15T15:19:48","slug":"arrivals-to-sinj","status":"publish","type":"page","link":"https:\/\/ak-sinj.hr\/en\/arrivals-to-sinj\/","title":{"rendered":"Arrivals to Sinj"},"content":{"rendered":"    <div class=\"vozni-red\">\n    <h2 class=\"ig_custom\"><\/h2>    <form action=\"\/action_page.php\">\n    <div style=\"line-height:2em;padding: 20px 0;\"><h4 class=\"ig-form\"> Select a place:<\/h4><select id=\"select_polasci\" name=\"polasci\" class=\"forminput \"><\/div><option value=\"885\">Airport Split shuttle bus<\/option><option value=\"539\">Ar\u017eano<\/option><option value=\"37\">Ba\u0107ina<\/option><option value=\"52\">Ba\u0161ka Voda<\/option><option value=\"53\">Ba\u0161ko Polje<\/option><option value=\"54\">Brela<\/option><option value=\"39\">Brist<\/option><option value=\"628\">Brnaze<\/option><option value=\"623\">Butige<\/option><option value=\"536\">\u010cajer<\/option><option value=\"624\">Dicmo<\/option><option value=\"26\">Doli<\/option><option value=\"47\">Dra\u0161nice<\/option><option value=\"43\">Drvenik<\/option><option value=\"8087\">DUBCI<\/option><option value=\"6\">Dubrovnik<\/option><option value=\"59\">Dugi Rat<\/option><option value=\"622\">Dugopolje<\/option><option value=\"55\">Gornja Brela<\/option><option value=\"30\">Gospi\u0107<\/option><option value=\"219\">Gra\u010dac<\/option><option value=\"38\">Gradac<\/option><option value=\"46\">Igrane<\/option><option value=\"233\">Jabuka<\/option><option value=\"101\">Karlovac<\/option><option value=\"618\">Klis<\/option><option value=\"620\">Klis Grlo<\/option><option value=\"619\">Klis Varo\u0161<\/option><option value=\"34\">Komin<\/option><option value=\"621\">Koprivno<\/option><option value=\"231\">Ko\u0161ute<\/option><option value=\"32\">Krvavac<\/option><option value=\"51\">Krvavica<\/option><option value=\"627\">Kukuzovac<\/option><option value=\"31\">Kula<\/option><option value=\"69\">Lokva Rogoznica<\/option><option value=\"5\">Makarska<\/option><option value=\"44\">Mala Duba<\/option><option value=\"68\">Maru\u0161i\u0107i<\/option><option value=\"3\">Metkovi\u0107<\/option><option value=\"57\">Mimice<\/option><option value=\"626\">Mojanka<\/option><option value=\"21\">Moko\u0161ica<\/option><option value=\"218\">Obrovac<\/option><option value=\"60\">Omi\u0161<\/option><option value=\"8083\">Opuzen<\/option><option value=\"33\">Opuzen r.<\/option><option value=\"23\">Ora\u0161ac<\/option><option value=\"8079\">ORA\u0160AC<\/option><option value=\"56\">Pisak<\/option><option value=\"103\">Plitvice<\/option><option value=\"4\">Plo\u010de<\/option><option value=\"41\">Podaca<\/option><option value=\"48\">Podgora<\/option><option value=\"67\">Podstrana<\/option><option value=\"63\">Promajna<\/option><option value=\"8082\">RABA<\/option><option value=\"8149\">radna zona<\/option><option value=\"35\">Rogotin<\/option><option value=\"58\">Ruskamen<\/option><option value=\"625\">Si\u010dane<\/option><option value=\"115\">Sinj<\/option><option value=\"80\">Skradin<\/option><option value=\"25\">Slano<\/option><option value=\"221\">Slavonski Brod<\/option><option value=\"220\">Slunj<\/option><option value=\"119\">Solin<\/option><option value=\"1\">Split<\/option><option value=\"8080\">STON - magistrala<\/option><option value=\"27\">Ston raskri\u017eje<\/option><option value=\"7\">\u0160ibenik<\/option><option value=\"538\">Tijarica<\/option><option value=\"8152\">TIJARICA D.<\/option><option value=\"537\">Tijarica Donja<\/option><option value=\"540\">Tijarica Gornja<\/option><option value=\"232\">Trilj<\/option><option value=\"121\">Trogir<\/option><option value=\"24\">Trsteno<\/option><option value=\"49\">Tu\u010depi<\/option><option value=\"529\">Turjaci<\/option><option value=\"107\">Udbina<\/option><option value=\"8150\">VELI\u0106<\/option><option value=\"20\">Vinkovci<\/option><option value=\"8151\">VRPOLJE<\/option><option value=\"8\">Zadar<\/option><option value=\"352\">Zadvarje<\/option><option value=\"2\">Zagreb<\/option><option value=\"42\">Zaostrog<\/option><option value=\"22\">Zaton Dubrovnik \"V\"<\/option><option value=\"82\">Zaton Dubrovnik M<\/option><option value=\"8078\">ZATON MALI Dubrovnik<\/option><option value=\"45\">\u017divogo\u0161\u0107e<\/option><\/select><select id=\"select_dolasci\" name=\"dolasci\" class=\"forminput \"><option value=\"885\">Airport Split shuttle bus<\/option><option value=\"539\">Ar\u017eano<\/option><option value=\"37\">Ba\u0107ina<\/option><option value=\"52\">Ba\u0161ka Voda<\/option><option value=\"53\">Ba\u0161ko Polje<\/option><option value=\"54\">Brela<\/option><option value=\"39\">Brist<\/option><option value=\"628\">Brnaze<\/option><option value=\"623\">Butige<\/option><option value=\"536\">\u010cajer<\/option><option value=\"624\">Dicmo<\/option><option value=\"26\">Doli<\/option><option value=\"47\">Dra\u0161nice<\/option><option value=\"43\">Drvenik<\/option><option value=\"8087\">DUBCI<\/option><option value=\"6\">Dubrovnik<\/option><option value=\"59\">Dugi Rat<\/option><option value=\"622\">Dugopolje<\/option><option value=\"55\">Gornja Brela<\/option><option value=\"30\">Gospi\u0107<\/option><option value=\"219\">Gra\u010dac<\/option><option value=\"38\">Gradac<\/option><option value=\"46\">Igrane<\/option><option value=\"233\">Jabuka<\/option><option value=\"101\">Karlovac<\/option><option value=\"618\">Klis<\/option><option value=\"620\">Klis Grlo<\/option><option value=\"619\">Klis Varo\u0161<\/option><option value=\"34\">Komin<\/option><option value=\"621\">Koprivno<\/option><option value=\"231\">Ko\u0161ute<\/option><option value=\"32\">Krvavac<\/option><option value=\"51\">Krvavica<\/option><option value=\"627\">Kukuzovac<\/option><option value=\"31\">Kula<\/option><option value=\"69\">Lokva Rogoznica<\/option><option value=\"5\">Makarska<\/option><option value=\"44\">Mala Duba<\/option><option value=\"68\">Maru\u0161i\u0107i<\/option><option value=\"3\">Metkovi\u0107<\/option><option value=\"57\">Mimice<\/option><option value=\"626\">Mojanka<\/option><option value=\"21\">Moko\u0161ica<\/option><option value=\"218\">Obrovac<\/option><option value=\"60\">Omi\u0161<\/option><option value=\"8083\">Opuzen<\/option><option value=\"33\">Opuzen r.<\/option><option value=\"23\">Ora\u0161ac<\/option><option value=\"8079\">ORA\u0160AC<\/option><option value=\"56\">Pisak<\/option><option value=\"103\">Plitvice<\/option><option value=\"4\">Plo\u010de<\/option><option value=\"41\">Podaca<\/option><option value=\"48\">Podgora<\/option><option value=\"67\">Podstrana<\/option><option value=\"63\">Promajna<\/option><option value=\"8082\">RABA<\/option><option value=\"8149\">radna zona<\/option><option value=\"35\">Rogotin<\/option><option value=\"58\">Ruskamen<\/option><option value=\"625\">Si\u010dane<\/option><option value=\"115\">Sinj<\/option><option value=\"80\">Skradin<\/option><option value=\"25\">Slano<\/option><option value=\"221\">Slavonski Brod<\/option><option value=\"220\">Slunj<\/option><option value=\"119\">Solin<\/option><option value=\"1\">Split<\/option><option value=\"8080\">STON - magistrala<\/option><option value=\"27\">Ston raskri\u017eje<\/option><option value=\"7\">\u0160ibenik<\/option><option value=\"538\">Tijarica<\/option><option value=\"8152\">TIJARICA D.<\/option><option value=\"537\">Tijarica Donja<\/option><option value=\"540\">Tijarica Gornja<\/option><option value=\"232\">Trilj<\/option><option value=\"121\">Trogir<\/option><option value=\"24\">Trsteno<\/option><option value=\"49\">Tu\u010depi<\/option><option value=\"529\">Turjaci<\/option><option value=\"107\">Udbina<\/option><option value=\"8150\">VELI\u0106<\/option><option value=\"20\">Vinkovci<\/option><option value=\"8151\">VRPOLJE<\/option><option value=\"8\">Zadar<\/option><option value=\"352\">Zadvarje<\/option><option value=\"2\">Zagreb<\/option><option value=\"42\">Zaostrog<\/option><option value=\"22\">Zaton Dubrovnik \"V\"<\/option><option value=\"82\">Zaton Dubrovnik M<\/option><option value=\"8078\">ZATON MALI Dubrovnik<\/option><option value=\"45\">\u017divogo\u0161\u0107e<\/option><\/select>        \n        <div style=\"line-height:2em;padding: 20px 0;\">\n            <h4 class=\"ig-form\">\n                Select a date:            <\/h4>\n            <select id=\"select_date\"  name=\"datum\" class=\"forminput\">\n        <\/div>\n    <option value=\"07.04.2026\">07.04.2026<\/option><option value=\"08.04.2026\">08.04.2026<\/option><option value=\"09.04.2026\">09.04.2026<\/option><option value=\"10.04.2026\">10.04.2026<\/option><option value=\"11.04.2026\">11.04.2026<\/option><option value=\"12.04.2026\">12.04.2026<\/option><option value=\"13.04.2026\">13.04.2026<\/option><option value=\"14.04.2026\">14.04.2026<\/option><option value=\"15.04.2026\">15.04.2026<\/option><option value=\"16.04.2026\">16.04.2026<\/option><option value=\"17.04.2026\">17.04.2026<\/option><option value=\"18.04.2026\">18.04.2026<\/option><option value=\"19.04.2026\">19.04.2026<\/option><option value=\"20.04.2026\">20.04.2026<\/option><option value=\"21.04.2026\">21.04.2026<\/option><option value=\"22.04.2026\">22.04.2026<\/option><option value=\"23.04.2026\">23.04.2026<\/option><option value=\"24.04.2026\">24.04.2026<\/option><option value=\"25.04.2026\">25.04.2026<\/option><option value=\"26.04.2026\">26.04.2026<\/option><option value=\"27.04.2026\">27.04.2026<\/option><option value=\"28.04.2026\">28.04.2026<\/option><option value=\"29.04.2026\">29.04.2026<\/option><option value=\"30.04.2026\">30.04.2026<\/option><option value=\"01.05.2026\">01.05.2026<\/option><option value=\"02.05.2026\">02.05.2026<\/option><option value=\"03.05.2026\">03.05.2026<\/option><option value=\"04.05.2026\">04.05.2026<\/option><option value=\"05.05.2026\">05.05.2026<\/option><option value=\"06.05.2026\">06.05.2026<\/option>        <\/select>\n    <input id=\"prikazi\" type=\"button\" value=\"Display timetable\" class=\"forminput\">\n    <\/form>   \n    <\/div>\n    <div class=\"vozni_red_response hidden\">\n        <table id=\"vozni_red\" width=\"100%\">\n        <thead>\n            <tr>\n                <th class=\"sort-polazak\" width=\"22%\">\n                    Departure time \n                    <i class=\"fa fa-fw fa-sort\"><\/i>\n                <\/th>\n                <th class=\"sort-odlazak\" width=\"22%\" >\n                    Arrival time \n                    <i class=\"fa fa-fw fa-sort\"><\/i>\n                <\/th>\n                <th class=\"sort-peron\" width=\"16%\">\n                    Platform No. \n                    <i class=\"fa fa-fw fa-sort\"><\/i>\n                <\/th>\n                <th class=\"stanice\" width=\"16%\">\n                    Stanice                <\/th>\n                <th class=\"sort-prevoznik\" width=\"40%\">\n                    Carrier \n                    <i class=\"fa fa-fw fa-sort\"><\/i>\n                <\/th>\n          <\/tr>\n        <\/thead>\n        <tbody class=\"vozni_red_table\">\n        <\/tbody>    \n        <\/table>\n    <\/div>\n    <div id=\"popups\">\n    <\/div>\n    <\/li>\n","protected":false},"excerpt":{"rendered":"Select a place:Airport Split shuttle busAr\u017eanoBa\u0107inaBa\u0161ka VodaBa\u0161ko PoljeBrelaBristBrnazeButige\u010cajerDicmoDoliDra\u0161niceDrvenikDUBCIDubrovnikDugi RatDugopoljeGornja BrelaGospi\u0107Gra\u010dacGradacIgraneJabukaKarlovacKlisKlis GrloKlis Varo\u0161KominKoprivnoKo\u0161uteKrvavacKrvavicaKukuzovacKulaLokva RogoznicaMakarskaMala DubaMaru\u0161i\u0107iMetkovi\u0107MimiceMojankaMoko\u0161icaObrovacOmi\u0161OpuzenOpuzen r.Ora\u0161acORA\u0160ACPisakPlitvicePlo\u010dePodacaPodgoraPodstranaPromajnaRABAradna zonaRogotinRuskamenSi\u010daneSinjSkradinSlanoSlavonski BrodSlunjSolinSplitSTON - magistralaSton raskri\u017eje\u0160ibenikTijaricaTIJARICA D.Tijarica DonjaTijarica GornjaTriljTrogirTrstenoTu\u010depiTurjaciUdbinaVELI\u0106VinkovciVRPOLJEZadarZadvarjeZagrebZaostrogZaton Dubrovnik \"V\"Zaton Dubrovnik MZATON MALI Dubrovnik\u017divogo\u0161\u0107eAirport Split shuttle busAr\u017eanoBa\u0107inaBa\u0161ka VodaBa\u0161ko PoljeBrelaBristBrnazeButige\u010cajerDicmoDoliDra\u0161niceDrvenikDUBCIDubrovnikDugi RatDugopoljeGornja BrelaGospi\u0107Gra\u010dacGradacIgraneJabukaKarlovacKlisKlis GrloKlis Varo\u0161KominKoprivnoKo\u0161uteKrvavacKrvavicaKukuzovacKulaLokva RogoznicaMakarskaMala DubaMaru\u0161i\u0107iMetkovi\u0107MimiceMojankaMoko\u0161icaObrovacOmi\u0161OpuzenOpuzen...","protected":false},"author":1,"featured_media":0,"parent":0,"menu_order":0,"comment_status":"closed","ping_status":"closed","template":"","meta":[],"yoast_head":"<!-- This site is optimized with the Yoast SEO plugin v20.0 - https:\/\/yoast.com\/wordpress\/plugins\/seo\/ -->\n<title>Arrivals to Sinj - AK SINJ Online<\/title>\n<meta name=\"robots\" content=\"index, follow, max-snippet:-1, max-image-preview:large, max-video-preview:-1\" \/>\n<link rel=\"canonical\" href=\"https:\/\/ak-sinj.hr\/en\/arrivals-to-sinj\/\" \/>\n<meta property=\"og:locale\" content=\"en_US\" \/>\n<meta property=\"og:type\" content=\"article\" \/>\n<meta property=\"og:title\" content=\"Arrivals to Sinj - AK SINJ Online\" \/>\n<meta property=\"og:url\" content=\"https:\/\/ak-sinj.hr\/en\/arrivals-to-sinj\/\" \/>\n<meta property=\"og:site_name\" content=\"AK SINJ Online\" \/>\n<meta property=\"article:modified_time\" content=\"2021-04-15T15:19:48+00:00\" \/>\n<meta name=\"twitter:card\" content=\"summary_large_image\" \/>\n<script type=\"application\/ld+json\" class=\"yoast-schema-graph\">{\"@context\":\"https:\/\/schema.org\",\"@graph\":[{\"@type\":\"WebPage\",\"@id\":\"https:\/\/ak-sinj.hr\/en\/arrivals-to-sinj\/\",\"url\":\"https:\/\/ak-sinj.hr\/en\/arrivals-to-sinj\/\",\"name\":\"Arrivals to Sinj - AK SINJ Online\",\"isPartOf\":{\"@id\":\"https:\/\/ak-sinj.hr\/#website\"},\"datePublished\":\"2014-12-10T06:18:38+00:00\",\"dateModified\":\"2021-04-15T15:19:48+00:00\",\"breadcrumb\":{\"@id\":\"https:\/\/ak-sinj.hr\/en\/arrivals-to-sinj\/#breadcrumb\"},\"inLanguage\":\"en-US\",\"potentialAction\":[{\"@type\":\"ReadAction\",\"target\":[\"https:\/\/ak-sinj.hr\/en\/arrivals-to-sinj\/\"]}]},{\"@type\":\"BreadcrumbList\",\"@id\":\"https:\/\/ak-sinj.hr\/en\/arrivals-to-sinj\/#breadcrumb\",\"itemListElement\":[{\"@type\":\"ListItem\",\"position\":1,\"name\":\"Po\u010detna stranica\",\"item\":\"https:\/\/ak-sinj.hr\/en\/naslovna\/\"},{\"@type\":\"ListItem\",\"position\":2,\"name\":\"Arrivals to Sinj\"}]},{\"@type\":\"WebSite\",\"@id\":\"https:\/\/ak-sinj.hr\/#website\",\"url\":\"https:\/\/ak-sinj.hr\/\",\"name\":\"AK SINJ Online\",\"description\":\"Slu\u017ebene web stranice autobusnog kolodvora u Sinju\",\"potentialAction\":[{\"@type\":\"SearchAction\",\"target\":{\"@type\":\"EntryPoint\",\"urlTemplate\":\"https:\/\/ak-sinj.hr\/?s={search_term_string}\"},\"query-input\":\"required name=search_term_string\"}],\"inLanguage\":\"en-US\"}]}<\/script>\n<!-- \/ Yoast SEO plugin. -->","yoast_head_json":{"title":"Arrivals to Sinj - AK SINJ Online","robots":{"index":"index","follow":"follow","max-snippet":"max-snippet:-1","max-image-preview":"max-image-preview:large","max-video-preview":"max-video-preview:-1"},"canonical":"https:\/\/ak-sinj.hr\/en\/arrivals-to-sinj\/","og_locale":"en_US","og_type":"article","og_title":"Arrivals to Sinj - AK SINJ Online","og_url":"https:\/\/ak-sinj.hr\/en\/arrivals-to-sinj\/","og_site_name":"AK SINJ Online","article_modified_time":"2021-04-15T15:19:48+00:00","twitter_card":"summary_large_image","schema":{"@context":"https:\/\/schema.org","@graph":[{"@type":"WebPage","@id":"https:\/\/ak-sinj.hr\/en\/arrivals-to-sinj\/","url":"https:\/\/ak-sinj.hr\/en\/arrivals-to-sinj\/","name":"Arrivals to Sinj - AK SINJ Online","isPartOf":{"@id":"https:\/\/ak-sinj.hr\/#website"},"datePublished":"2014-12-10T06:18:38+00:00","dateModified":"2021-04-15T15:19:48+00:00","breadcrumb":{"@id":"https:\/\/ak-sinj.hr\/en\/arrivals-to-sinj\/#breadcrumb"},"inLanguage":"en-US","potentialAction":[{"@type":"ReadAction","target":["https:\/\/ak-sinj.hr\/en\/arrivals-to-sinj\/"]}]},{"@type":"BreadcrumbList","@id":"https:\/\/ak-sinj.hr\/en\/arrivals-to-sinj\/#breadcrumb","itemListElement":[{"@type":"ListItem","position":1,"name":"Po\u010detna stranica","item":"https:\/\/ak-sinj.hr\/en\/naslovna\/"},{"@type":"ListItem","position":2,"name":"Arrivals to Sinj"}]},{"@type":"WebSite","@id":"https:\/\/ak-sinj.hr\/#website","url":"https:\/\/ak-sinj.hr\/","name":"AK SINJ Online","description":"Slu\u017ebene web stranice autobusnog kolodvora u Sinju","potentialAction":[{"@type":"SearchAction","target":{"@type":"EntryPoint","urlTemplate":"https:\/\/ak-sinj.hr\/?s={search_term_string}"},"query-input":"required name=search_term_string"}],"inLanguage":"en-US"}]}},"_links":{"self":[{"href":"https:\/\/ak-sinj.hr\/en\/wp-json\/wp\/v2\/pages\/1635"}],"collection":[{"href":"https:\/\/ak-sinj.hr\/en\/wp-json\/wp\/v2\/pages"}],"about":[{"href":"https:\/\/ak-sinj.hr\/en\/wp-json\/wp\/v2\/types\/page"}],"author":[{"embeddable":true,"href":"https:\/\/ak-sinj.hr\/en\/wp-json\/wp\/v2\/users\/1"}],"replies":[{"embeddable":true,"href":"https:\/\/ak-sinj.hr\/en\/wp-json\/wp\/v2\/comments?post=1635"}],"version-history":[{"count":1,"href":"https:\/\/ak-sinj.hr\/en\/wp-json\/wp\/v2\/pages\/1635\/revisions"}],"predecessor-version":[{"id":1966,"href":"https:\/\/ak-sinj.hr\/en\/wp-json\/wp\/v2\/pages\/1635\/revisions\/1966"}],"wp:attachment":[{"href":"https:\/\/ak-sinj.hr\/en\/wp-json\/wp\/v2\/media?parent=1635"}],"curies":[{"name":"wp","href":"https:\/\/api.w.org\/{rel}","templated":true}]}}